{"id":414,"date":"2013-09-11T13:56:56","date_gmt":"2013-09-11T18:56:56","guid":{"rendered":"http:\/\/julianasilva.co\/?page_id=414"},"modified":"2019-03-04T20:05:58","modified_gmt":"2019-03-05T01:05:58","slug":"acerca-del-trabajo","status":"publish","type":"page","link":"https:\/\/julianasilva.co\/?page_id=414","title":{"rendered":"Acerca del trabajo"},"content":{"rendered":"<p>Mi pr\u00e1ctica art\u00edstica est\u00e1 direccionada por un di\u00e1logo que establezco con los materiales, los cuales exploro como <em>significantes culturales<\/em>. Esta aproximaci\u00f3n a la materialidad la realizo a trav\u00e9s de la apropiaci\u00f3n de objetos cotidianos como textiles, e indumentaria ornamental. Considero que estos objetos adquieren valores simb\u00f3licos, los cuales est\u00e1n adheridos a la cultura y se hace dif\u00edcil identificarlos. Dicha valoraci\u00f3n simb\u00f3lica cambia dependiendo de la funci\u00f3n que los objetos cumplen dentro de cada sociedad. Mi intenci\u00f3n es decodificar esos valores simb\u00f3licos que se incrustan en los objetos e indagar sus connotaciones culturales.<\/p>\n","protected":false},"excerpt":{"rendered":"<p>Mi pr\u00e1ctica art\u00edstica est\u00e1 direccionada por un di\u00e1logo que establezco con los materiales, los cuales&#8230;<\/p>\n","protected":false},"author":2,"featured_media":0,"parent":0,"menu_order":0,"comment_status":"closed","ping_status":"open","template":"","meta":{"om_disable_all_campaigns":false,"_monsterinsights_skip_tracking":false,"_monsterinsights_sitenote_active":false,"_monsterinsights_sitenote_note":"","_monsterinsights_sitenote_category":0,"footnotes":""},"class_list":["post-414","page","type-page","status-publish","hentry"],"aioseo_notices":[],"_links":{"self":[{"href":"https:\/\/julianasilva.co\/index.php?rest_route=\/wp\/v2\/pages\/414","targetHints":{"allow":["GET"]}}],"collection":[{"href":"https:\/\/julianasilva.co\/index.php?rest_route=\/wp\/v2\/pages"}],"about":[{"href":"https:\/\/julianasilva.co\/index.php?rest_route=\/wp\/v2\/types\/page"}],"author":[{"embeddable":true,"href":"https:\/\/julianasilva.co\/index.php?rest_route=\/wp\/v2\/users\/2"}],"replies":[{"embeddable":true,"href":"https:\/\/julianasilva.co\/index.php?rest_route=%2Fwp%2Fv2%2Fcomments&post=414"}],"version-history":[{"count":15,"href":"https:\/\/julianasilva.co\/index.php?rest_route=\/wp\/v2\/pages\/414\/revisions"}],"predecessor-version":[{"id":1661,"href":"https:\/\/julianasilva.co\/index.php?rest_route=\/wp\/v2\/pages\/414\/revisions\/1661"}],"wp:attachment":[{"href":"https:\/\/julianasilva.co\/index.php?rest_route=%2Fwp%2Fv2%2Fmedia&parent=414"}],"curies":[{"name":"wp","href":"https:\/\/api.w.org\/{rel}","templated":true}]}}